{"id":981,"date":"2009-07-11T01:48:31","date_gmt":"2009-07-11T06:48:31","guid":{"rendered":"https:\/\/katheineesquia.com\/?page_id=981"},"modified":"2009-07-11T01:48:31","modified_gmt":"2009-07-11T06:48:31","slug":"about","status":"publish","type":"page","link":"https:\/\/katheineesquia.com\/?page_id=981","title":{"rendered":"Sobre m\u00ed"},"content":{"rendered":"<p style=\"text-align:justify;\">\n<div class=\"mceTemp mceIEcenter\">\n<dl class=\"wp-caption aligncenter\">\n<dt class=\"wp-caption-dt\"><img loading=\"lazy\" decoding=\"async\" class=\"size-full wp-image-26\" title=\"DSC00100\" src=\"https:\/\/katheineesquia.com\/wp-content\/uploads\/2009\/06\/dsc00100.jpg\" alt=\"Toda nerd\" width=\"320\" height=\"240\" \/><\/dt>\n<\/dl>\n<\/div>\n<p>Mi nombre es Kathe\u00edne Esqu\u00eda Flores, pero todo el mundo me dice Kathy. Soy profesora desde que tengo 19 a\u00f1os y de eso ya hace algunos lustros. Desde el a\u00f1o 2006 me empec\u00e9 a interesar por todo lo que era tecnolog\u00eda educativa, inter\u00e9s que vino a la par con la llegada del internet a mi hogar.<\/p>\n<p style=\"text-align:justify;\">Por decisi\u00f3n personal decid\u00ed trabajar en colegios que estaban y est\u00e1n en v\u00edas de expansi\u00f3n, es ah\u00ed donde creo que puedo ayudar a mejorar el proceso educativo y valorativo de mis alumnos. Es por ello que, volviendo al tema de las TIC, cuando me enter\u00e9 que en Espa\u00f1a estaba explotando este tema, empec\u00e9 a investigar. As\u00ed cre\u00e9 mi primera p\u00e1gina web, un blog en el servidor Blogger que result\u00f3 muy interesante\u00a0 ya que conoc\u00ed gente de otros pa\u00edses, pero no sab\u00eda c\u00f3mo explotar su potencial educativo ya que m\u00e1s all\u00e1 del intercambio de mensajes no permite mayor interactividad.<\/p>\n<p style=\"text-align:justify;\">Luego descubr\u00ed el Jclic y Hotpotatoes, m\u00e1s adelante lo que ser\u00eda mi gran descubrimiento el MOODLE. Cree una cuenta en un servidor gratuito y cree mis primeros cursos virtuales&#8230; Estaba extasiada, sin embargo me choqu\u00e9 con la realidad&#8230; En los colegios en \u00abv\u00edas de desarrollo y expansi\u00f3n\u00bb el tema no les interesaba m\u00e1s all\u00e1 del mero uso del Hotmail (m\u00e1s por messenger que por email). Si bien mis alumnos se mostraron interesados, la falta de acceso y las mil trabas que tuve para emplear la sala de c\u00f3mputo de mi centro educativo no me permitieron desarrollar a cabalidad el proyecto que a\u00fan tengo en mente; y eso que me ofrec\u00ed a dar clases gratuitas para el uso de blogs y creaci\u00f3n de cursos v\u00eda moodle, pero a nadie le interes\u00f3.<\/p>\n<p style=\"text-align:justify;\">Frustrada decid\u00ed descubrir que hab\u00eda otros profesores que tambi\u00e9n se interesaban en el tema, as\u00ed fue como ingres\u00e9 al diplomado de la Universidad  Cat\u00f3lica del Per\u00fa sobre el tema y luego de enterarme m\u00e1s de lo formal m\u00e1s que de lo pr\u00e1ctico es que decid\u00ed cerrar mi blog y empezar de cero.<\/p>\n<p style=\"text-align:justify;\">S\u00e9 que hay muchas p\u00e1ginas de profesores y s\u00e9 tambi\u00e9n que los estudiantes en general (porque yo lo he hecho) ingresan a internet para buscar informaci\u00f3n, res\u00famenes de obras, trabajos de investigaci\u00f3n, adem\u00e1s de la b\u00fasqueda de conceptos. S\u00e9 que hay otro grupo que busca aprender, as\u00ed como lo hice yo, porque para manejar blogs, crear un aula virtual en Moodle y aprender sobre nuevos programas educativos, no es necesario asistir a un curso especializado&#8230; Todo se encuentra en Internet.<\/p>\n<p style=\"text-align:justify;\">Este blog ha sido creado para que APRENDAS y para que aprenda, siguiendo el modelo que ha sido creado en Joomla, una p\u00e1gina que me inspir\u00f3 a crear este blog <a href=\"http:\/\/lenguayliteratura.org\" target=\"_blank\" rel=\"noopener\">Proyecto aula<\/a>.<\/p>\n<p style=\"text-align:justify;\">Muchas gracias por haberte tomado el tiempo de leer estas palabras y espero que lo que pongo en este nuevo blog te sirva. Cualquier consejo o cr\u00edtica ser\u00e1 bienvenida, solo estoy interesada en ayudarte a mejorar y de paso hacerlo yo.<\/p>\n<p style=\"text-align:justify;\">Kathy<\/p>\n<p style=\"text-align:justify;\">\n<p style=\"text-align:justify;\">PD: Disculpen la foto, es la \u00fanica que tengo m\u00e1s o menos decente&#8230; Es obvio por qu\u00e9 rechazo que me tomen fotograf\u00edas.<\/p>\n","protected":false},"excerpt":{"rendered":"<p>Mi nombre es Kathe\u00edne Esqu\u00eda Flores, pero todo el mundo me dice Kathy. Soy profesora desde que tengo 19 a\u00f1os&#8230;<\/p>\n","protected":false},"author":2,"featured_media":0,"parent":0,"menu_order":0,"comment_status":"open","ping_status":"open","template":"","meta":{"footnotes":""},"class_list":["post-981","page","type-page","status-publish","hentry","post-archive"],"jetpack-related-posts":[],"jetpack_sharing_enabled":true,"jetpack_likes_enabled":true,"_links":{"self":[{"href":"https:\/\/katheineesquia.com\/index.php?rest_route=\/wp\/v2\/pages\/981","targetHints":{"allow":["GET"]}}],"collection":[{"href":"https:\/\/katheineesquia.com\/index.php?rest_route=\/wp\/v2\/pages"}],"about":[{"href":"https:\/\/katheineesquia.com\/index.php?rest_route=\/wp\/v2\/types\/page"}],"author":[{"embeddable":true,"href":"https:\/\/katheineesquia.com\/index.php?rest_route=\/wp\/v2\/users\/2"}],"replies":[{"embeddable":true,"href":"https:\/\/katheineesquia.com\/index.php?rest_route=%2Fwp%2Fv2%2Fcomments&post=981"}],"version-history":[{"count":0,"href":"https:\/\/katheineesquia.com\/index.php?rest_route=\/wp\/v2\/pages\/981\/revisions"}],"wp:attachment":[{"href":"https:\/\/katheineesquia.com\/index.php?rest_route=%2Fwp%2Fv2%2Fmedia&parent=981"}],"curies":[{"name":"wp","href":"https:\/\/api.w.org\/{rel}","templated":true}]}}